{"id":32,"date":"2024-09-24T11:36:53","date_gmt":"2024-09-24T09:36:53","guid":{"rendered":"http:\/\/www.projets-online.fr\/Baby-Layette\/?page_id=32"},"modified":"2024-09-28T13:43:45","modified_gmt":"2024-09-28T11:43:45","slug":"cours-tricot","status":"publish","type":"page","link":"https:\/\/www.projets-online.fr\/Baby-Layette\/index.php\/cours-tricot\/","title":{"rendered":"Cours Tricot"},"content":{"rendered":"<div id=\"pl-32\"  class=\"panel-layout\" ><div id=\"pg-32-0\"  class=\"panel-grid panel-no-style\" ><div id=\"pgc-32-0-0\"  class=\"panel-grid-cell\" ><div id=\"panel-32-0-0-0\" class=\"so-panel widget widget_sow-image panel-first-child panel-last-child\" data-index=\"0\" ><div\n\t\t\t\n\t\t\tclass=\"so-widget-sow-image so-widget-sow-image-default-c67d20f9f743-32\"\n\t\t\t\n\t\t>\n\n<div class=\"sow-image-container\">\n\t\t<img loading=\"lazy\" decoding=\"async\" src=\"https:\/\/www.projets-online.fr\/Baby-Layette\/wp-content\/uploads\/2024\/09\/cours-tricot.png\" width=\"900\" height=\"600\" srcset=\"https:\/\/www.projets-online.fr\/Baby-Layette\/wp-content\/uploads\/2024\/09\/cours-tricot.png 900w, https:\/\/www.projets-online.fr\/Baby-Layette\/wp-content\/uploads\/2024\/09\/cours-tricot-300x200.png 300w, https:\/\/www.projets-online.fr\/Baby-Layette\/wp-content\/uploads\/2024\/09\/cours-tricot-768x512.png 768w, https:\/\/www.projets-online.fr\/Baby-Layette\/wp-content\/uploads\/2024\/09\/cours-tricot-272x182.png 272w\" sizes=\"auto, (max-width: 900px) 100vw, 900px\" alt=\"\" \t\tclass=\"so-widget-image\"\/>\n\t<\/div>\n\n<\/div><\/div><\/div><\/div><div id=\"pg-32-1\"  class=\"panel-grid panel-has-style\" ><div class=\"siteorigin-panels-stretch panel-row-style panel-row-style-for-32-1\" data-stretch-type=\"full-width-stretch\" ><div id=\"pgc-32-1-0\"  class=\"panel-grid-cell\" ><div id=\"panel-32-1-0-0\" class=\"so-panel widget widget_sow-editor panel-first-child panel-last-child\" data-index=\"1\" ><div\n\t\t\t\n\t\t\tclass=\"so-widget-sow-editor so-widget-sow-editor-base\"\n\t\t\t\n\t\t>\n<div class=\"siteorigin-widget-tinymce textwidget\">\n\t<\/div>\n<\/div><\/div><\/div><\/div><\/div><div id=\"pg-32-2\"  class=\"panel-grid panel-has-style\" ><div class=\"panel-row-style panel-row-style-for-32-2\" ><div id=\"pgc-32-2-0\"  class=\"panel-grid-cell panel-grid-cell-empty\" ><\/div><\/div><\/div><div id=\"pg-32-3\"  class=\"panel-grid panel-no-style\" ><div id=\"pgc-32-3-0\"  class=\"panel-grid-cell\" ><div id=\"panel-32-3-0-0\" class=\"so-panel widget widget_sow-headline panel-first-child panel-last-child\" data-index=\"2\" ><div\n\t\t\t\n\t\t\tclass=\"so-widget-sow-headline so-widget-sow-headline-default-24b8a4e6ad14-32\"\n\t\t\t\n\t\t><div class=\"sow-headline-container \">\n\t\t\t\t\t\t\t<h3 class=\"sow-headline\">\n\t\t\t\t\t\tATELIER  EXEMPLE REALISATION LAYETTE\t\t\t\t\t\t<\/h3>\n\t\t\t\t\t\t\t\t\t\t\t<div class=\"decoration\">\n\t\t\t\t\t\t<div class=\"decoration-inside\"><\/div>\n\t\t\t\t\t<\/div>\n\t\t\t\t\t\t\t\t\t\t\t<p class=\"sow-sub-headline\">\n\t\t\t\t\t\tApprendre \u00e0 r\u00e9aliser une brassi\u00e8re ou un bonnet  ou des chaussons. . .\t\t\t\t\t\t<\/p>\n\t\t\t\t\t\t<\/div>\n<\/div><\/div><\/div><\/div><div id=\"pg-32-4\"  class=\"panel-grid panel-no-style\" ><div id=\"pgc-32-4-0\"  class=\"panel-grid-cell\" ><div id=\"panel-32-4-0-0\" class=\"so-panel widget widget_sow-image panel-first-child panel-last-child\" data-index=\"3\" ><div\n\t\t\t\n\t\t\tclass=\"so-widget-sow-image so-widget-sow-image-default-8b5b6f678277-32\"\n\t\t\t\n\t\t>\n\n<div class=\"sow-image-container\">\n\t\t<img loading=\"lazy\" decoding=\"async\" src=\"https:\/\/www.projets-online.fr\/Baby-Layette\/wp-content\/uploads\/2024\/09\/476_ensemble_garcon.png\" width=\"476\" height=\"600\" srcset=\"https:\/\/www.projets-online.fr\/Baby-Layette\/wp-content\/uploads\/2024\/09\/476_ensemble_garcon.png 476w, https:\/\/www.projets-online.fr\/Baby-Layette\/wp-content\/uploads\/2024\/09\/476_ensemble_garcon-238x300.png 238w\" sizes=\"auto, (max-width: 476px) 100vw, 476px\" title=\"mmmm\" alt=\"\" \t\tclass=\"so-widget-image\"\/>\n\t<\/div>\n\n<\/div><\/div><\/div><div id=\"pgc-32-4-1\"  class=\"panel-grid-cell\" ><div id=\"panel-32-4-1-0\" class=\"so-panel widget widget_sow-image panel-first-child panel-last-child\" data-index=\"4\" ><div\n\t\t\t\n\t\t\tclass=\"so-widget-sow-image so-widget-sow-image-default-8b5b6f678277-32\"\n\t\t\t\n\t\t>\n\n<div class=\"sow-image-container\">\n\t\t<img loading=\"lazy\" decoding=\"async\" src=\"https:\/\/www.projets-online.fr\/Baby-Layette\/wp-content\/uploads\/2024\/09\/476_TRICOT.png\" width=\"476\" height=\"600\" srcset=\"https:\/\/www.projets-online.fr\/Baby-Layette\/wp-content\/uploads\/2024\/09\/476_TRICOT.png 476w, https:\/\/www.projets-online.fr\/Baby-Layette\/wp-content\/uploads\/2024\/09\/476_TRICOT-238x300.png 238w\" sizes=\"auto, (max-width: 476px) 100vw, 476px\" alt=\"\" \t\tclass=\"so-widget-image\"\/>\n\t<\/div>\n\n<\/div><\/div><\/div><div id=\"pgc-32-4-2\"  class=\"panel-grid-cell\" ><div id=\"panel-32-4-2-0\" class=\"so-panel widget widget_sow-image panel-first-child panel-last-child\" data-index=\"5\" ><div\n\t\t\t\n\t\t\tclass=\"so-widget-sow-image so-widget-sow-image-default-8b5b6f678277-32\"\n\t\t\t\n\t\t>\n\n<div class=\"sow-image-container\">\n\t\t<img loading=\"lazy\" decoding=\"async\" src=\"https:\/\/www.projets-online.fr\/Baby-Layette\/wp-content\/uploads\/2024\/09\/476-LAYETTE.png\" width=\"476\" height=\"600\" srcset=\"https:\/\/www.projets-online.fr\/Baby-Layette\/wp-content\/uploads\/2024\/09\/476-LAYETTE.png 476w, https:\/\/www.projets-online.fr\/Baby-Layette\/wp-content\/uploads\/2024\/09\/476-LAYETTE-238x300.png 238w\" sizes=\"auto, (max-width: 476px) 100vw, 476px\" alt=\"\" \t\tclass=\"so-widget-image\"\/>\n\t<\/div>\n\n<\/div><\/div><\/div><\/div><div id=\"pg-32-5\"  class=\"panel-grid panel-no-style\" ><div id=\"pgc-32-5-0\"  class=\"panel-grid-cell\" ><div id=\"panel-32-5-0-0\" class=\"so-panel widget widget_sow-headline panel-first-child panel-last-child\" data-index=\"6\" ><div\n\t\t\t\n\t\t\tclass=\"so-widget-sow-headline so-widget-sow-headline-default-8f81edab0b97-32\"\n\t\t\t\n\t\t><div class=\"sow-headline-container \">\n\t\t\t\t\t\t\t<h2 class=\"sow-headline\">\n\t\t\t\t\t\tComment se d\u00e9roule un cours de tricot\t\t\t\t\t\t<\/h2>\n\t\t\t\t\t\t\t\t\t\t\t<div class=\"decoration\">\n\t\t\t\t\t\t<div class=\"decoration-inside\"><\/div>\n\t\t\t\t\t<\/div>\n\t\t\t\t\t\t\t\t\t\t\t<p class=\"sow-sub-headline\">\n\t\t\t\t\t\tUn moment de d\u00e9tente, je vous aide \u00e0 r\u00e9aliser votre patron choisi.  Les cours ou Ateliers se d\u00e9roulent en petit comit\u00e9.  Lieu Toulon Mourillon\t\t\t\t\t\t<\/p>\n\t\t\t\t\t\t<\/div>\n<\/div><\/div><\/div><\/div><div id=\"pg-32-6\"  class=\"panel-grid panel-no-style\" ><div id=\"pgc-32-6-0\"  class=\"panel-grid-cell\" ><div id=\"panel-32-6-0-0\" class=\"so-panel widget widget_sow-headline panel-first-child panel-last-child\" data-index=\"7\" ><div\n\t\t\t\n\t\t\tclass=\"so-widget-sow-headline so-widget-sow-headline-default-bb62f73a2e5d-32\"\n\t\t\t\n\t\t><div class=\"sow-headline-container \">\n\t\t\t\t\t\t\t<h2 class=\"sow-headline\">\n\t\t\t\t\t\tLieu\t\t\t\t\t\t<\/h2>\n\t\t\t\t\t\t\t\t\t\t\t<div class=\"decoration\">\n\t\t\t\t\t\t<div class=\"decoration-inside\"><\/div>\n\t\t\t\t\t<\/div>\n\t\t\t\t\t\t\t\t\t\t\t<p class=\"sow-sub-headline\">\n\t\t\t\t\t\tPr\u00e8s du Port Marchand Toulon Mourillon\t\t\t\t\t\t<\/p>\n\t\t\t\t\t\t<\/div>\n<\/div><\/div><\/div><\/div><div id=\"pg-32-7\"  class=\"panel-grid panel-no-style\" ><div id=\"pgc-32-7-0\"  class=\"panel-grid-cell panel-grid-cell-empty\" ><\/div><div id=\"pgc-32-7-1\"  class=\"panel-grid-cell panel-grid-cell-mobile-last\" ><div id=\"panel-32-7-1-0\" class=\"so-panel widget widget_sow-editor panel-first-child panel-last-child\" data-index=\"8\" ><div\n\t\t\t\n\t\t\tclass=\"so-widget-sow-editor so-widget-sow-editor-base\"\n\t\t\t\n\t\t>\n<div class=\"siteorigin-widget-tinymce textwidget\">\n\t<p><iframe src=\"https:\/\/www.google.com\/maps\/embed?pb=!1m23!1m12!1m3!1d5825.20883189969!2d5.931263644321316!3d43.11282761670289!2m3!1f0!2f0!3f0!3m2!1i1024!2i768!4f13.1!4m8!3e3!4m0!4m5!1s0x12c91bf5d1e37daf%3A0x396aee08e327ed17!2s187%20Rue%20Pr%C3%A9sident%20Robert%20Schuman%2C%2083000%20Toulon!3m2!1d43.1128199!2d5.9364135!5e0!3m2!1sfr!2sfr!4v1727519771992!5m2!1sfr!2sfr\" width=\"600\" height=\"450\" style=\"border:0;\" allowfullscreen=\"\" loading=\"lazy\" referrerpolicy=\"no-referrer-when-downgrade\"><\/iframe><\/p>\n<\/div>\n<\/div><\/div><\/div><div id=\"pgc-32-7-2\"  class=\"panel-grid-cell panel-grid-cell-empty\" ><\/div><\/div><div id=\"pg-32-8\"  class=\"panel-grid panel-has-style\" ><div class=\"siteorigin-panels-stretch panel-row-style panel-row-style-for-32-8\" data-stretch-type=\"full-width-stretch\" ><div id=\"pgc-32-8-0\"  class=\"panel-grid-cell\" ><div id=\"panel-32-8-0-0\" class=\"so-panel widget widget_sow-editor panel-first-child panel-last-child\" data-index=\"9\" ><div\n\t\t\t\n\t\t\tclass=\"so-widget-sow-editor so-widget-sow-editor-base\"\n\t\t\t\n\t\t>\n<div class=\"siteorigin-widget-tinymce textwidget\">\n\t<\/div>\n<\/div><\/div><\/div><\/div><\/div><\/div>","protected":false},"excerpt":{"rendered":"<p>ATELIER EXEMPLE REALISATION LAYETTE Apprendre \u00e0 r\u00e9aliser une brassi\u00e8re ou un bonnet ou des chaussons. . . Comment se d\u00e9roule un cours de tricot Un moment de d\u00e9tente, je vous aide \u00e0 r\u00e9aliser votre patron choisi. Les cours ou Ateliers &hellip; <a href=\"https:\/\/www.projets-online.fr\/Baby-Layette\/index.php\/cours-tricot\/\">Lire la suite\u00ad\u00ad<\/a><\/p>\n","protected":false},"author":1,"featured_media":0,"parent":0,"menu_order":0,"comment_status":"closed","ping_status":"closed","template":"","meta":{"footnotes":""},"class_list":["post-32","page","type-page","status-publish","hentry"],"_links":{"self":[{"href":"https:\/\/www.projets-online.fr\/Baby-Layette\/index.php\/wp-json\/wp\/v2\/pages\/32","targetHints":{"allow":["GET"]}}],"collection":[{"href":"https:\/\/www.projets-online.fr\/Baby-Layette\/index.php\/wp-json\/wp\/v2\/pages"}],"about":[{"href":"https:\/\/www.projets-online.fr\/Baby-Layette\/index.php\/wp-json\/wp\/v2\/types\/page"}],"author":[{"embeddable":true,"href":"https:\/\/www.projets-online.fr\/Baby-Layette\/index.php\/wp-json\/wp\/v2\/users\/1"}],"replies":[{"embeddable":true,"href":"https:\/\/www.projets-online.fr\/Baby-Layette\/index.php\/wp-json\/wp\/v2\/comments?post=32"}],"version-history":[{"count":141,"href":"https:\/\/www.projets-online.fr\/Baby-Layette\/index.php\/wp-json\/wp\/v2\/pages\/32\/revisions"}],"predecessor-version":[{"id":507,"href":"https:\/\/www.projets-online.fr\/Baby-Layette\/index.php\/wp-json\/wp\/v2\/pages\/32\/revisions\/507"}],"wp:attachment":[{"href":"https:\/\/www.projets-online.fr\/Baby-Layette\/index.php\/wp-json\/wp\/v2\/media?parent=32"}],"curies":[{"name":"wp","href":"https:\/\/api.w.org\/{rel}","templated":true}]}}